{"id":1731,"date":"2020-11-30T12:35:28","date_gmt":"2020-11-30T12:35:28","guid":{"rendered":"https:\/\/wordpress-486734-1610623.cloudwaysapps.com\/?page_id=1731"},"modified":"2025-04-16T13:16:37","modified_gmt":"2025-04-16T11:16:37","slug":"contact","status":"publish","type":"page","link":"https:\/\/participatepractically.com\/cs\/contact\/","title":{"rendered":"Kontakt"},"content":{"rendered":"\n<div class=\"wp-block-columns alignfull are-vertically-aligned-center is-layout-flex wp-container-core-columns-is-layout-9d6595d7 wp-block-columns-is-layout-flex\">\n<div class=\"wp-block-column is-vertically-aligned-center is-layout-flow wp-block-column-is-layout-flow\" style=\"flex-basis:100%\"><style>.kb-row-layout-id1731_207d8a-28 > .kt-row-column-wrap{align-content:start;}:where(.kb-row-layout-id1731_207d8a-28 > .kt-row-column-wrap) > .wp-block-kadence-column{justify-content:start;}.kb-row-layout-id1731_207d8a-28 > .kt-row-column-wrap{column-gap:var(--global-kb-gap-md, 2rem);row-gap:var(--global-kb-gap-md, 2rem);max-width:600px;margin-left:auto;margin-right:auto;padding-top:30px;padding-right:10px;padding-bottom:50px;padding-left:10px;grid-template-columns:minmax(0, 1fr);}.kb-row-layout-id1731_207d8a-28 > .kt-row-layout-overlay{opacity:0.30;}@media all and (max-width: 1024px){.kb-row-layout-id1731_207d8a-28 > .kt-row-column-wrap{grid-template-columns:minmax(0, 1fr);}}@media all and (max-width: 767px){.kb-row-layout-id1731_207d8a-28 > .kt-row-column-wrap{grid-template-columns:minmax(0, 1fr);}}<\/style><div class=\"kb-row-layout-wrap kb-row-layout-id1731_207d8a-28 alignnone wp-block-kadence-rowlayout\"><div class=\"kt-row-column-wrap kt-has-1-columns kt-row-layout-equal kt-tab-layout-inherit kt-mobile-layout-row kt-row-valign-top\">\n<style>.kadence-column1731_4c8cd2-a2 > .kt-inside-inner-col,.kadence-column1731_4c8cd2-a2 > .kt-inside-inner-col:before{border-top-left-radius:0px;border-top-right-radius:0px;border-bottom-right-radius:0px;border-bottom-left-radius:0px;}.kadence-column1731_4c8cd2-a2 > .kt-inside-inner-col{column-gap:var(--global-kb-gap-sm, 1rem);}.kadence-column1731_4c8cd2-a2 > .kt-inside-inner-col{flex-direction:column;}.kadence-column1731_4c8cd2-a2 > .kt-inside-inner-col > .aligncenter{width:100%;}.kadence-column1731_4c8cd2-a2 > .kt-inside-inner-col:before{opacity:0.3;}.kadence-column1731_4c8cd2-a2{position:relative;}.kadence-column1731_4c8cd2-a2, .kt-inside-inner-col > .kadence-column1731_4c8cd2-a2:not(.specificity){margin-top:10px;margin-right:0px;}@media all and (max-width: 1024px){.kadence-column1731_4c8cd2-a2 > .kt-inside-inner-col{flex-direction:column;justify-content:center;}}@media all and (max-width: 767px){.kadence-column1731_4c8cd2-a2 > .kt-inside-inner-col{flex-direction:column;justify-content:center;}}<\/style>\n<div class=\"wp-block-kadence-column kadence-column1731_4c8cd2-a2 inner-column-1\"><div class=\"kt-inside-inner-col\"><style>.wp-block-kadence-advancedheading.kt-adv-heading1731_97468d-88, .wp-block-kadence-advancedheading.kt-adv-heading1731_97468d-88[data-kb-block=\"kb-adv-heading1731_97468d-88\"]{margin-bottom:50px;text-align:center;font-weight:normal;font-style:normal;}.wp-block-kadence-advancedheading.kt-adv-heading1731_97468d-88 mark.kt-highlight, .wp-block-kadence-advancedheading.kt-adv-heading1731_97468d-88[data-kb-block=\"kb-adv-heading1731_97468d-88\"] mark.kt-highlight{font-weight:normal;font-style:normal;color:#f76a0c;-webkit-box-decoration-break:clone;box-decoration-break:clone;padding-top:0px;padding-right:0px;padding-bottom:0px;padding-left:0px;}.wp-block-kadence-advancedheading.kt-adv-heading1731_97468d-88 img.kb-inline-image, .wp-block-kadence-advancedheading.kt-adv-heading1731_97468d-88[data-kb-block=\"kb-adv-heading1731_97468d-88\"] img.kb-inline-image{width:150px;vertical-align:baseline;}<\/style>\n<h1 class=\"kt-adv-heading1731_97468d-88 wp-block-kadence-advancedheading\" data-kb-block=\"kb-adv-heading1731_97468d-88\">Contact Us<\/h1>\n\n\n<style>.wp-block-kadence-advancedheading.kt-adv-heading1731_b13af8-46, .wp-block-kadence-advancedheading.kt-adv-heading1731_b13af8-46[data-kb-block=\"kb-adv-heading1731_b13af8-46\"]{text-align:center;font-weight:normal;font-style:normal;}.wp-block-kadence-advancedheading.kt-adv-heading1731_b13af8-46 mark.kt-highlight, .wp-block-kadence-advancedheading.kt-adv-heading1731_b13af8-46[data-kb-block=\"kb-adv-heading1731_b13af8-46\"] mark.kt-highlight{font-weight:normal;font-style:normal;color:#f76a0c;-webkit-box-decoration-break:clone;box-decoration-break:clone;padding-top:0px;padding-right:0px;padding-bottom:0px;padding-left:0px;}.wp-block-kadence-advancedheading.kt-adv-heading1731_b13af8-46 img.kb-inline-image, .wp-block-kadence-advancedheading.kt-adv-heading1731_b13af8-46[data-kb-block=\"kb-adv-heading1731_b13af8-46\"] img.kb-inline-image{width:150px;vertical-align:baseline;}<\/style>\n<p class=\"kt-adv-heading1731_b13af8-46 wp-block-kadence-advancedheading\" data-kb-block=\"kb-adv-heading1731_b13af8-46\">Need support? Have questions?<\/p>\n\n\n<style>.wp-block-kadence-advancedheading.kt-adv-heading1731_dd0b5c-01, .wp-block-kadence-advancedheading.kt-adv-heading1731_dd0b5c-01[data-kb-block=\"kb-adv-heading1731_dd0b5c-01\"]{text-align:center;font-weight:normal;font-style:normal;}.wp-block-kadence-advancedheading.kt-adv-heading1731_dd0b5c-01 mark.kt-highlight, .wp-block-kadence-advancedheading.kt-adv-heading1731_dd0b5c-01[data-kb-block=\"kb-adv-heading1731_dd0b5c-01\"] mark.kt-highlight{font-weight:normal;font-style:normal;color:#f76a0c;-webkit-box-decoration-break:clone;box-decoration-break:clone;padding-top:0px;padding-right:0px;padding-bottom:0px;padding-left:0px;}.wp-block-kadence-advancedheading.kt-adv-heading1731_dd0b5c-01 img.kb-inline-image, .wp-block-kadence-advancedheading.kt-adv-heading1731_dd0b5c-01[data-kb-block=\"kb-adv-heading1731_dd0b5c-01\"] img.kb-inline-image{width:150px;vertical-align:baseline;}<\/style>\n<p class=\"kt-adv-heading1731_dd0b5c-01 wp-block-kadence-advancedheading\" data-kb-block=\"kb-adv-heading1731_dd0b5c-01\">Let us know by using the contact form below<br>or by emailing us at:<br><br><a href=\"mailto:participate@innovationinpolitics.eu\">info@participationfactory.com<br><\/a><br>We&#8217;re more than happy to help.<\/p>\n<\/div><\/div>\n\n<\/div><\/div><\/div>\n<\/div>\n\n\n<style>.kb-row-layout-wrap.wp-block-kadence-rowlayout.kb-row-layout-id1731_e7c3aa-64{margin-bottom:0px;}.kb-row-layout-id1731_e7c3aa-64 > .kt-row-column-wrap{align-content:start;}:where(.kb-row-layout-id1731_e7c3aa-64 > .kt-row-column-wrap) > .wp-block-kadence-column{justify-content:start;}.kb-row-layout-id1731_e7c3aa-64 > .kt-row-column-wrap{column-gap:var(--global-kb-gap-md, 2rem);row-gap:var(--global-kb-gap-md, 2rem);max-width:1242px;margin-left:auto;margin-right:auto;padding-top:20px;padding-right:0px;padding-bottom:92px;padding-left:0px;grid-template-columns:minmax(0, 1fr);}.kb-row-layout-id1731_e7c3aa-64 > .kt-row-layout-overlay{opacity:0.30;}.kb-row-layout-id1731_e7c3aa-64{z-index:12;position:relative;}@media all and (max-width: 1024px){.kb-row-layout-id1731_e7c3aa-64 > .kt-row-column-wrap{grid-template-columns:minmax(0, 1fr);}}@media all and (max-width: 767px){.kb-row-layout-id1731_e7c3aa-64 > .kt-row-column-wrap{grid-template-columns:minmax(0, 1fr);}}<\/style><div class=\"kb-row-layout-wrap kb-row-layout-id1731_e7c3aa-64 alignnone wp-block-kadence-rowlayout\"><div class=\"kt-row-column-wrap kt-has-2-columns kt-row-layout-row kt-tab-layout-row kt-mobile-layout-row kt-row-valign-top\">\n<style>.kadence-column1731_4b5482-60 > .kt-inside-inner-col{box-shadow:0px 0px 70px 0px rgba(0, 0, 0, 0.08);border-top:1px solid var(--global-palette7, #EDF2F7);border-right:1px solid var(--global-palette7, #EDF2F7);border-bottom:1px solid var(--global-palette7, #EDF2F7);border-left:1px solid var(--global-palette7, #EDF2F7);}.kadence-column1731_4b5482-60 > .kt-inside-inner-col,.kadence-column1731_4b5482-60 > .kt-inside-inner-col:before{border-top-left-radius:6px;border-top-right-radius:6px;border-bottom-right-radius:6px;border-bottom-left-radius:6px;}.kadence-column1731_4b5482-60 > .kt-inside-inner-col{column-gap:var(--global-kb-gap-sm, 1rem);}.kadence-column1731_4b5482-60 > .kt-inside-inner-col{flex-direction:column;}.kadence-column1731_4b5482-60 > .kt-inside-inner-col > .aligncenter{width:100%;}.kadence-column1731_4b5482-60 > .kt-inside-inner-col{background-color:var(--global-palette9, #ffffff);}.kadence-column1731_4b5482-60 > .kt-inside-inner-col:before{opacity:0.3;}.kadence-column1731_4b5482-60{position:relative;}.kadence-column1731_4b5482-60, .kt-inside-inner-col > .kadence-column1731_4b5482-60:not(.specificity){margin-right:10px;margin-bottom:-100px;margin-left:10px;}@media all and (max-width: 1024px){.kadence-column1731_4b5482-60 > .kt-inside-inner-col{border-top:1px solid var(--global-palette7, #EDF2F7);border-right:1px solid var(--global-palette7, #EDF2F7);border-bottom:1px solid var(--global-palette7, #EDF2F7);border-left:1px solid var(--global-palette7, #EDF2F7);flex-direction:column;justify-content:center;}}@media all and (max-width: 1024px){.kadence-column1731_4b5482-60, .kt-inside-inner-col > .kadence-column1731_4b5482-60:not(.specificity){margin-top:0px;margin-right:0px;margin-bottom:1px;margin-left:0px;}}@media all and (max-width: 767px){.kadence-column1731_4b5482-60 > .kt-inside-inner-col{border-top:1px solid var(--global-palette7, #EDF2F7);border-right:1px solid var(--global-palette7, #EDF2F7);border-bottom:1px solid var(--global-palette7, #EDF2F7);border-left:1px solid var(--global-palette7, #EDF2F7);flex-direction:column;justify-content:center;}.kadence-column1731_4b5482-60, .kt-inside-inner-col > .kadence-column1731_4b5482-60:not(.specificity){margin-bottom:1px;}}<\/style>\n<div class=\"wp-block-kadence-column kadence-column1731_4b5482-60\"><div class=\"kt-inside-inner-col\"><style>.kb-row-layout-wrap.wp-block-kadence-rowlayout.kb-row-layout-id1731_3ca6e1-b2{margin-top:0px;margin-bottom:0px;}.kb-row-layout-id1731_3ca6e1-b2 > .kt-row-column-wrap{align-content:start;}:where(.kb-row-layout-id1731_3ca6e1-b2 > .kt-row-column-wrap) > .wp-block-kadence-column{justify-content:start;}.kb-row-layout-id1731_3ca6e1-b2 > .kt-row-column-wrap{column-gap:var(--global-kb-gap-md, 2rem);row-gap:var(--global-kb-gap-md, 2rem);padding-top:40px;padding-right:40px;padding-bottom:44px;padding-left:40px;grid-template-columns:minmax(0, 1fr);}.kb-row-layout-id1731_3ca6e1-b2 > .kt-row-layout-overlay{opacity:0.30;}@media all and (max-width: 1024px){.kb-row-layout-id1731_3ca6e1-b2 > .kt-row-column-wrap{grid-template-columns:minmax(0, 1fr);}}@media all and (max-width: 767px){.kb-row-layout-id1731_3ca6e1-b2 > .kt-row-column-wrap{grid-template-columns:minmax(0, 1fr);}}<\/style><div class=\"kb-row-layout-wrap kb-row-layout-id1731_3ca6e1-b2 alignnone wp-block-kadence-rowlayout\"><div class=\"kt-row-column-wrap kt-has-1-columns kt-row-layout-equal kt-tab-layout-inherit kt-mobile-layout-row kt-row-valign-top\">\n\n\n<style>.kadence-column1731_a85830-3f > .kt-inside-inner-col,.kadence-column1731_a85830-3f > .kt-inside-inner-col:before{border-top-left-radius:0px;border-top-right-radius:0px;border-bottom-right-radius:0px;border-bottom-left-radius:0px;}.kadence-column1731_a85830-3f > .kt-inside-inner-col{column-gap:var(--global-kb-gap-sm, 1rem);}.kadence-column1731_a85830-3f > .kt-inside-inner-col{flex-direction:column;}.kadence-column1731_a85830-3f > .kt-inside-inner-col > .aligncenter{width:100%;}.kadence-column1731_a85830-3f > .kt-inside-inner-col:before{opacity:0.3;}.kadence-column1731_a85830-3f{position:relative;}@media all and (max-width: 1024px){.kadence-column1731_a85830-3f > .kt-inside-inner-col{flex-direction:column;justify-content:center;}}@media all and (max-width: 767px){.kadence-column1731_a85830-3f > .kt-inside-inner-col{flex-direction:column;justify-content:center;}}<\/style>\n<div class=\"wp-block-kadence-column kadence-column1731_a85830-3f\"><div class=\"kt-inside-inner-col\">\n<iframe data-tally-src=\"https:\/\/tally.so\/embed\/mRrabQ?alignLeft=1&#038;hideTitle=1&#038;transparentBackground=1&#038;dynamicHeight=1\" loading=\"lazy\" width=\"100%\" height=\"400\" frameborder=\"0\" marginheight=\"0\" marginwidth=\"0\" title=\"Contact form\n\"><\/iframe>\n\n<script>var d=document,w=\"https:\/\/tally.so\/widgets\/embed.js\",v=function(){\"undefined\"!=typeof Tally?Tally.loadEmbeds():d.querySelectorAll(\"iframe[data-tally-src]:not([src])\").forEach((function(e){e.src=e.dataset.tallySrc}))};if(\"undefined\"!=typeof Tally)v();else if(d.querySelector('script[src=\"'+w+'\"]')==null){var s=d.createElement(\"script\");s.src=w,s.onload=v,s.onerror=v,d.body.appendChild(s);}<\/script>\n<\/div><\/div>\n\n<\/div><\/div><\/div><\/div>\n\n\n<style>.kadence-column1731_f64ff0-b5 > .kt-inside-inner-col,.kadence-column1731_f64ff0-b5 > .kt-inside-inner-col:before{border-top-left-radius:0px;border-top-right-radius:0px;border-bottom-right-radius:0px;border-bottom-left-radius:0px;}.kadence-column1731_f64ff0-b5 > .kt-inside-inner-col{column-gap:var(--global-kb-gap-sm, 1rem);}.kadence-column1731_f64ff0-b5 > .kt-inside-inner-col{flex-direction:column;}.kadence-column1731_f64ff0-b5 > .kt-inside-inner-col > .aligncenter{width:100%;}.kadence-column1731_f64ff0-b5 > .kt-inside-inner-col:before{opacity:0.3;}.kadence-column1731_f64ff0-b5{position:relative;}@media all and (max-width: 1024px){.kadence-column1731_f64ff0-b5 > .kt-inside-inner-col{flex-direction:column;justify-content:center;}}@media all and (max-width: 767px){.kadence-column1731_f64ff0-b5 > .kt-inside-inner-col{flex-direction:column;justify-content:center;}}<\/style>\n<div class=\"wp-block-kadence-column kadence-column1731_f64ff0-b5\"><div class=\"kt-inside-inner-col\"><\/div><\/div>\n\n<\/div><\/div>\n\n<style>.kb-row-layout-wrap.wp-block-kadence-rowlayout.kb-row-layout-id1731_98da51-62{margin-top:0px;margin-bottom:-10px;}.kb-row-layout-id1731_98da51-62 > .kt-row-column-wrap{align-content:center;}:where(.kb-row-layout-id1731_98da51-62 > .kt-row-column-wrap) > .wp-block-kadence-column{justify-content:center;}.kb-row-layout-id1731_98da51-62 > .kt-row-column-wrap{column-gap:var(--global-kb-gap-md, 2rem);row-gap:var(--global-kb-gap-md, 2rem);padding-top:0px;padding-right:0px;padding-bottom:0px;padding-left:0px;grid-template-columns:minmax(0, 1fr);}.kb-row-layout-id1731_98da51-62 > .kt-row-layout-overlay{opacity:0.30;}@media all and (max-width: 1024px){.kb-row-layout-id1731_98da51-62 > .kt-row-column-wrap{grid-template-columns:minmax(0, 1fr);}}@media all and (max-width: 767px){.kb-row-layout-id1731_98da51-62 > .kt-row-column-wrap{grid-template-columns:minmax(0, 1fr);}}<\/style><div class=\"kb-row-layout-wrap kb-row-layout-id1731_98da51-62 alignnone wp-block-kadence-rowlayout\"><div class=\"kt-row-column-wrap kt-has-1-columns kt-row-layout-equal kt-tab-layout-inherit kt-mobile-layout-row kt-row-valign-middle\">\n<style>.kadence-column1731_6f3abf-96 > .kt-inside-inner-col,.kadence-column1731_6f3abf-96 > .kt-inside-inner-col:before{border-top-left-radius:0px;border-top-right-radius:0px;border-bottom-right-radius:0px;border-bottom-left-radius:0px;}.kadence-column1731_6f3abf-96 > .kt-inside-inner-col{column-gap:var(--global-kb-gap-sm, 1rem);}.kadence-column1731_6f3abf-96 > .kt-inside-inner-col{flex-direction:column;}.kadence-column1731_6f3abf-96 > .kt-inside-inner-col > .aligncenter{width:100%;}.kadence-column1731_6f3abf-96 > .kt-inside-inner-col:before{opacity:0.3;}.kadence-column1731_6f3abf-96{position:relative;}.kadence-column1731_6f3abf-96, .kt-inside-inner-col > .kadence-column1731_6f3abf-96:not(.specificity){margin-top:0px;margin-right:0px;margin-bottom:0px;margin-left:0px;}@media all and (max-width: 1024px){.kadence-column1731_6f3abf-96 > .kt-inside-inner-col{flex-direction:column;justify-content:center;}}@media all and (max-width: 767px){.kadence-column1731_6f3abf-96 > .kt-inside-inner-col{flex-direction:column;justify-content:center;}}<\/style>\n<div class=\"wp-block-kadence-column kadence-column1731_6f3abf-96 inner-column-1\"><div class=\"kt-inside-inner-col\"><\/div><\/div>\n\n<\/div><\/div>","protected":false},"excerpt":{"rendered":"<p>Contact Us Need support? Have questions? Let us know by using the contact form belowor by emailing us at: info@participationfactory.comWe&#8217;re more than happy to help.<\/p>","protected":false},"author":1,"featured_media":2380,"parent":0,"menu_order":0,"comment_status":"closed","ping_status":"closed","template":"","meta":{"_monsterinsights_skip_tracking":false,"_monsterinsights_sitenote_active":false,"_monsterinsights_sitenote_note":"","_monsterinsights_sitenote_category":0,"_kadence_starter_templates_imported_post":true,"_kad_post_transparent":"","_kad_post_title":"hide","_kad_post_layout":"fullwidth","_kad_post_sidebar_id":"","_kad_post_content_style":"unboxed","_kad_post_vertical_padding":"hide","_kad_post_feature":"hide","_kad_post_feature_position":"","_kad_post_header":false,"_kad_post_footer":false,"_kad_post_classname":"","iawp_total_views":224,"footnotes":""},"class_list":["post-1731","page","type-page","status-publish","has-post-thumbnail","hentry"],"yoast_head":"<!-- This site is optimized with the Yoast SEO plugin v27.4 - https:\/\/yoast.com\/product\/yoast-seo-wordpress\/ -->\n<title>Become a certified citizen participation expert | Online course<\/title>\n<meta name=\"robots\" content=\"index, follow, max-snippet:-1, max-image-preview:large, max-video-preview:-1\" \/>\n<link rel=\"canonical\" href=\"https:\/\/participatepractically.com\/cs\/contact\/\" \/>\n<meta property=\"og:locale\" content=\"cs_CZ\" \/>\n<meta property=\"og:type\" content=\"article\" \/>\n<meta property=\"og:title\" content=\"Become a certified citizen participation expert | Online course\" \/>\n<meta property=\"og:description\" content=\"Contact Us Need support? Have questions? Let us know by using the contact form belowor by emailing us at: info@participationfactory.comWe&#8217;re more than happy to help.\" \/>\n<meta property=\"og:url\" content=\"https:\/\/participatepractically.com\/cs\/contact\/\" \/>\n<meta property=\"og:site_name\" content=\"Participate Practically\" \/>\n<meta property=\"article:modified_time\" content=\"2025-04-16T11:16:37+00:00\" \/>\n<meta property=\"og:image\" content=\"https:\/\/participatepractically.com\/wp-content\/uploads\/2023\/09\/ppdt.png\" \/>\n\t<meta property=\"og:image:width\" content=\"1080\" \/>\n\t<meta property=\"og:image:height\" content=\"1080\" \/>\n\t<meta property=\"og:image:type\" content=\"image\/png\" \/>\n<meta name=\"twitter:card\" content=\"summary_large_image\" \/>\n<meta name=\"twitter:label1\" content=\"Odhadovan\u00e1 doba \u010dten\u00ed\" \/>\n\t<meta name=\"twitter:data1\" content=\"1 minuta\" \/>\n<script type=\"application\/ld+json\" class=\"yoast-schema-graph\">{\"@context\":\"https:\\\/\\\/schema.org\",\"@graph\":[{\"@type\":\"WebPage\",\"@id\":\"https:\\\/\\\/participatepractically.com\\\/contact\\\/\",\"url\":\"https:\\\/\\\/participatepractically.com\\\/contact\\\/\",\"name\":\"Become a certified citizen participation expert | Online course\",\"isPartOf\":{\"@id\":\"https:\\\/\\\/participatepractically.com\\\/#website\"},\"primaryImageOfPage\":{\"@id\":\"https:\\\/\\\/participatepractically.com\\\/contact\\\/#primaryimage\"},\"image\":{\"@id\":\"https:\\\/\\\/participatepractically.com\\\/contact\\\/#primaryimage\"},\"thumbnailUrl\":\"https:\\\/\\\/participatepractically.com\\\/wp-content\\\/uploads\\\/2023\\\/09\\\/ppdt.png\",\"datePublished\":\"2020-11-30T12:35:28+00:00\",\"dateModified\":\"2025-04-16T11:16:37+00:00\",\"breadcrumb\":{\"@id\":\"https:\\\/\\\/participatepractically.com\\\/contact\\\/#breadcrumb\"},\"inLanguage\":\"cs\",\"potentialAction\":[{\"@type\":\"ReadAction\",\"target\":[\"https:\\\/\\\/participatepractically.com\\\/contact\\\/\"]}]},{\"@type\":\"ImageObject\",\"inLanguage\":\"cs\",\"@id\":\"https:\\\/\\\/participatepractically.com\\\/contact\\\/#primaryimage\",\"url\":\"https:\\\/\\\/participatepractically.com\\\/wp-content\\\/uploads\\\/2023\\\/09\\\/ppdt.png\",\"contentUrl\":\"https:\\\/\\\/participatepractically.com\\\/wp-content\\\/uploads\\\/2023\\\/09\\\/ppdt.png\",\"width\":1080,\"height\":1080},{\"@type\":\"BreadcrumbList\",\"@id\":\"https:\\\/\\\/participatepractically.com\\\/contact\\\/#breadcrumb\",\"itemListElement\":[{\"@type\":\"ListItem\",\"position\":1,\"name\":\"Home\",\"item\":\"https:\\\/\\\/participatepractically.com\\\/\"},{\"@type\":\"ListItem\",\"position\":2,\"name\":\"Contact\"}]},{\"@type\":\"WebSite\",\"@id\":\"https:\\\/\\\/participatepractically.com\\\/#website\",\"url\":\"https:\\\/\\\/participatepractically.com\\\/\",\"name\":\"Participate Practically\",\"description\":\"Professional online training in citizen participation\",\"publisher\":{\"@id\":\"https:\\\/\\\/participatepractically.com\\\/#organization\"},\"potentialAction\":[{\"@type\":\"SearchAction\",\"target\":{\"@type\":\"EntryPoint\",\"urlTemplate\":\"https:\\\/\\\/participatepractically.com\\\/?s={search_term_string}\"},\"query-input\":{\"@type\":\"PropertyValueSpecification\",\"valueRequired\":true,\"valueName\":\"search_term_string\"}}],\"inLanguage\":\"cs\"},{\"@type\":\"Organization\",\"@id\":\"https:\\\/\\\/participatepractically.com\\\/#organization\",\"name\":\"Participate Practically\",\"url\":\"https:\\\/\\\/participatepractically.com\\\/\",\"logo\":{\"@type\":\"ImageObject\",\"inLanguage\":\"cs\",\"@id\":\"https:\\\/\\\/participatepractically.com\\\/#\\\/schema\\\/logo\\\/image\\\/\",\"url\":\"https:\\\/\\\/participatepractically.com\\\/wp-content\\\/uploads\\\/2023\\\/10\\\/image.png\",\"contentUrl\":\"https:\\\/\\\/participatepractically.com\\\/wp-content\\\/uploads\\\/2023\\\/10\\\/image.png\",\"width\":403,\"height\":252,\"caption\":\"Participate Practically\"},\"image\":{\"@id\":\"https:\\\/\\\/participatepractically.com\\\/#\\\/schema\\\/logo\\\/image\\\/\"}}]}<\/script>\n<!-- \/ Yoast SEO plugin. -->","yoast_head_json":{"title":"Become a certified citizen participation expert | Online course","robots":{"index":"index","follow":"follow","max-snippet":"max-snippet:-1","max-image-preview":"max-image-preview:large","max-video-preview":"max-video-preview:-1"},"canonical":"https:\/\/participatepractically.com\/cs\/contact\/","og_locale":"cs_CZ","og_type":"article","og_title":"Become a certified citizen participation expert | Online course","og_description":"Contact Us Need support? Have questions? Let us know by using the contact form belowor by emailing us at: info@participationfactory.comWe&#8217;re more than happy to help.","og_url":"https:\/\/participatepractically.com\/cs\/contact\/","og_site_name":"Participate Practically","article_modified_time":"2025-04-16T11:16:37+00:00","og_image":[{"width":1080,"height":1080,"url":"https:\/\/participatepractically.com\/wp-content\/uploads\/2023\/09\/ppdt.png","type":"image\/png"}],"twitter_card":"summary_large_image","twitter_misc":{"Odhadovan\u00e1 doba \u010dten\u00ed":"1 minuta"},"schema":{"@context":"https:\/\/schema.org","@graph":[{"@type":"WebPage","@id":"https:\/\/participatepractically.com\/contact\/","url":"https:\/\/participatepractically.com\/contact\/","name":"Become a certified citizen participation expert | Online course","isPartOf":{"@id":"https:\/\/participatepractically.com\/#website"},"primaryImageOfPage":{"@id":"https:\/\/participatepractically.com\/contact\/#primaryimage"},"image":{"@id":"https:\/\/participatepractically.com\/contact\/#primaryimage"},"thumbnailUrl":"https:\/\/participatepractically.com\/wp-content\/uploads\/2023\/09\/ppdt.png","datePublished":"2020-11-30T12:35:28+00:00","dateModified":"2025-04-16T11:16:37+00:00","breadcrumb":{"@id":"https:\/\/participatepractically.com\/contact\/#breadcrumb"},"inLanguage":"cs","potentialAction":[{"@type":"ReadAction","target":["https:\/\/participatepractically.com\/contact\/"]}]},{"@type":"ImageObject","inLanguage":"cs","@id":"https:\/\/participatepractically.com\/contact\/#primaryimage","url":"https:\/\/participatepractically.com\/wp-content\/uploads\/2023\/09\/ppdt.png","contentUrl":"https:\/\/participatepractically.com\/wp-content\/uploads\/2023\/09\/ppdt.png","width":1080,"height":1080},{"@type":"BreadcrumbList","@id":"https:\/\/participatepractically.com\/contact\/#breadcrumb","itemListElement":[{"@type":"ListItem","position":1,"name":"Home","item":"https:\/\/participatepractically.com\/"},{"@type":"ListItem","position":2,"name":"Contact"}]},{"@type":"WebSite","@id":"https:\/\/participatepractically.com\/#website","url":"https:\/\/participatepractically.com\/","name":"Participate Practically","description":"Professional online training in citizen participation","publisher":{"@id":"https:\/\/participatepractically.com\/#organization"},"potentialAction":[{"@type":"SearchAction","target":{"@type":"EntryPoint","urlTemplate":"https:\/\/participatepractically.com\/?s={search_term_string}"},"query-input":{"@type":"PropertyValueSpecification","valueRequired":true,"valueName":"search_term_string"}}],"inLanguage":"cs"},{"@type":"Organization","@id":"https:\/\/participatepractically.com\/#organization","name":"Participate Practically","url":"https:\/\/participatepractically.com\/","logo":{"@type":"ImageObject","inLanguage":"cs","@id":"https:\/\/participatepractically.com\/#\/schema\/logo\/image\/","url":"https:\/\/participatepractically.com\/wp-content\/uploads\/2023\/10\/image.png","contentUrl":"https:\/\/participatepractically.com\/wp-content\/uploads\/2023\/10\/image.png","width":403,"height":252,"caption":"Participate Practically"},"image":{"@id":"https:\/\/participatepractically.com\/#\/schema\/logo\/image\/"}}]}},"jetpack_sharing_enabled":true,"_links":{"self":[{"href":"https:\/\/participatepractically.com\/cs\/wp-json\/wp\/v2\/pages\/1731","targetHints":{"allow":["GET"]}}],"collection":[{"href":"https:\/\/participatepractically.com\/cs\/wp-json\/wp\/v2\/pages"}],"about":[{"href":"https:\/\/participatepractically.com\/cs\/wp-json\/wp\/v2\/types\/page"}],"author":[{"embeddable":true,"href":"https:\/\/participatepractically.com\/cs\/wp-json\/wp\/v2\/users\/1"}],"replies":[{"embeddable":true,"href":"https:\/\/participatepractically.com\/cs\/wp-json\/wp\/v2\/comments?post=1731"}],"version-history":[{"count":19,"href":"https:\/\/participatepractically.com\/cs\/wp-json\/wp\/v2\/pages\/1731\/revisions"}],"predecessor-version":[{"id":3518,"href":"https:\/\/participatepractically.com\/cs\/wp-json\/wp\/v2\/pages\/1731\/revisions\/3518"}],"wp:featuredmedia":[{"embeddable":true,"href":"https:\/\/participatepractically.com\/cs\/wp-json\/wp\/v2\/media\/2380"}],"wp:attachment":[{"href":"https:\/\/participatepractically.com\/cs\/wp-json\/wp\/v2\/media?parent=1731"}],"curies":[{"name":"wp","href":"https:\/\/api.w.org\/{rel}","templated":true}]}}